{"id":230,"date":"2025-04-14T15:14:18","date_gmt":"2025-04-14T13:14:18","guid":{"rendered":"https:\/\/rurart.tthunot.myds.me\/?page_id=230"},"modified":"2025-07-04T19:57:59","modified_gmt":"2025-07-04T17:57:59","slug":"230-2","status":"publish","type":"page","link":"https:\/\/rurart.tthunot.myds.me\/","title":{"rendered":"Accueil"},"content":{"rendered":"\n<div class=\"wp-block-cover alignfull\" style=\"min-height:414px;aspect-ratio:unset;\"><img fetchpriority=\"high\" decoding=\"async\" width=\"2560\" height=\"1280\" class=\"wp-block-cover__image-background wp-image-249\" alt=\"\" src=\"https:\/\/rurart.tthunot.myds.me\/wp-content\/uploads\/2025\/04\/Design-sans-titre-scaled.jpg\" data-object-fit=\"cover\" srcset=\"https:\/\/rurart.tthunot.myds.me\/wp-content\/uploads\/2025\/04\/Design-sans-titre-scaled.jpg 2560w, https:\/\/rurart.tthunot.myds.me\/wp-content\/uploads\/2025\/04\/Design-sans-titre-300x150.jpg 300w, https:\/\/rurart.tthunot.myds.me\/wp-content\/uploads\/2025\/04\/Design-sans-titre-1024x512.jpg 1024w, https:\/\/rurart.tthunot.myds.me\/wp-content\/uploads\/2025\/04\/Design-sans-titre-768x384.jpg 768w, https:\/\/rurart.tthunot.myds.me\/wp-content\/uploads\/2025\/04\/Design-sans-titre-1536x768.jpg 1536w, https:\/\/rurart.tthunot.myds.me\/wp-content\/uploads\/2025\/04\/Design-sans-titre-2048x1024.jpg 2048w\" sizes=\"(max-width: 2560px) 100vw, 2560px\" \/><span aria-hidden=\"true\" class=\"wp-block-cover__background has-background-dim\" style=\"background-color:#5d4f4c\"><\/span><div class=\"wp-block-cover__inner-container is-layout-constrained wp-block-cover-is-layout-constrained\">\n<p class=\"has-text-align-center has-ast-global-color-4-color has-text-color has-link-color wp-elements-b14ab7edcfa34368b2791a2d273932d4\" style=\"padding-top:0;padding-right:0;padding-bottom:0;padding-left:0;font-size:50px\"><strong>Bienvenue sur le site de l&rsquo;association Rur&rsquo;Art<\/strong><\/p>\n<\/div><\/div>\n\n\n\n<div style=\"height:100px\" aria-hidden=\"true\" class=\"wp-block-spacer\"><\/div>\n\n\n\n<h2 class=\"wp-block-heading\">Nos actualit\u00e9s<\/h2>\n\n\n\n<figure class=\"wp-block-gallery has-nested-images columns-default is-cropped wp-block-gallery-1 is-layout-flex wp-block-gallery-is-layout-flex\">\n<figure class=\"wp-block-image alignwide size-full\"><a href=\"https:\/\/rurart.tthunot.myds.me\/index.php\/limpensable-festival\/\"><img decoding=\"async\" width=\"1200\" height=\"600\" data-id=\"287\" src=\"https:\/\/rurart.tthunot.myds.me\/wp-content\/uploads\/2025\/04\/Signature-mail-Impensable1.png\" alt=\"\" class=\"wp-image-287\" srcset=\"https:\/\/rurart.tthunot.myds.me\/wp-content\/uploads\/2025\/04\/Signature-mail-Impensable1.png 1200w, https:\/\/rurart.tthunot.myds.me\/wp-content\/uploads\/2025\/04\/Signature-mail-Impensable1-300x150.png 300w, https:\/\/rurart.tthunot.myds.me\/wp-content\/uploads\/2025\/04\/Signature-mail-Impensable1-1024x512.png 1024w, https:\/\/rurart.tthunot.myds.me\/wp-content\/uploads\/2025\/04\/Signature-mail-Impensable1-768x384.png 768w\" sizes=\"(max-width: 1200px) 100vw, 1200px\" \/><\/a><\/figure>\n<\/figure>\n\n\n\n<div style=\"height:100px\" aria-hidden=\"true\" class=\"wp-block-spacer\"><\/div>\n\n\n\n<h2 class=\"wp-block-heading\">Rur&rsquo;art, c&rsquo;est quoi ? <\/h2>\n\n\n\n<p style=\"font-size:28px\">L&rsquo;association Rur&rsquo;Art, cr\u00e9\u00e9 en 2024 \u00e0 Asni\u00e8res-l\u00e8s-Dijon, a pour but de rendre accessible l&rsquo;art et la culture aux habitant\u2022e\u2022s du village. Tout au long de l&rsquo;ann\u00e9e, nous proposons des sorties culturelles dans diff\u00e9rentes structures dijonnaises, nous accueillons des spectacles. L&rsquo;association a \u00e9galement cr\u00e9\u00e9 L&rsquo;impensable Festival, dont la premi\u00e8re \u00e9dition aura lieu les 4, 5 et 6 juillet 2025. <\/p>\n\n\n\n<div class=\"wp-block-superblockslider-slider superblockslider\" style=\"height:80vh;width:100%\" data-transition-duration=\"1.5s\" data-animation=\"cubic-bezier(0.46, 0.03, 0.52, 0.96)\" data-transition-speed=\"1.5s\"><div class=\"superblockslider__window\"><div class=\"superblockslider__track\" style=\"width:400%;transform:translateX(-0.0000%);transition-duration:1.5s;transition-timing-function:cubic-bezier(0.46, 0.03, 0.52, 0.96)\">\n<div class=\"wp-block-superblockslider-slide superblockslider__slide superblockslider__slide--active\" data-slide-index=\"0\"><div class=\"superblockslider__slide__bg\"><\/div><div class=\"superblockslider__slide__overlay\"><\/div><div class=\"superblockslider__slide_inner\"><div class=\"inner-blocks\">\n<figure class=\"wp-block-image size-large\"><img decoding=\"async\" width=\"1024\" height=\"473\" src=\"https:\/\/rurart.tthunot.myds.me\/wp-content\/uploads\/2025\/04\/WhatsApp-Image-2024-11-21-at-20.27.23-1024x473.jpeg\" alt=\"\" class=\"wp-image-254\" srcset=\"https:\/\/rurart.tthunot.myds.me\/wp-content\/uploads\/2025\/04\/WhatsApp-Image-2024-11-21-at-20.27.23-1024x473.jpeg 1024w, https:\/\/rurart.tthunot.myds.me\/wp-content\/uploads\/2025\/04\/WhatsApp-Image-2024-11-21-at-20.27.23-300x139.jpeg 300w, https:\/\/rurart.tthunot.myds.me\/wp-content\/uploads\/2025\/04\/WhatsApp-Image-2024-11-21-at-20.27.23-768x355.jpeg 768w, https:\/\/rurart.tthunot.myds.me\/wp-content\/uploads\/2025\/04\/WhatsApp-Image-2024-11-21-at-20.27.23-1536x709.jpeg 1536w, https:\/\/rurart.tthunot.myds.me\/wp-content\/uploads\/2025\/04\/WhatsApp-Image-2024-11-21-at-20.27.23.jpeg 2040w\" sizes=\"(max-width: 1024px) 100vw, 1024px\" \/><figcaption class=\"wp-element-caption\">Visite du Parvis Saint-Jean<\/figcaption><\/figure>\n<\/div><\/div><\/div>\n\n\n\n<div class=\"wp-block-superblockslider-slide superblockslider__slide\" data-slide-index=\"1\"><div class=\"superblockslider__slide__bg\"><\/div><div class=\"superblockslider__slide__overlay\"><\/div><div class=\"superblockslider__slide_inner\"><div class=\"inner-blocks\">\n<figure class=\"wp-block-image size-large\"><img loading=\"lazy\" decoding=\"async\" width=\"2048\" height=\"1152\" src=\"https:\/\/rurart.tthunot.myds.me\/wp-content\/uploads\/2025\/04\/WhatsApp-Image-2025-02-01-at-15.25.11-1-edited.jpeg\" alt=\"\" class=\"wp-image-252\" srcset=\"https:\/\/rurart.tthunot.myds.me\/wp-content\/uploads\/2025\/04\/WhatsApp-Image-2025-02-01-at-15.25.11-1-edited.jpeg 2048w, https:\/\/rurart.tthunot.myds.me\/wp-content\/uploads\/2025\/04\/WhatsApp-Image-2025-02-01-at-15.25.11-1-edited-300x169.jpeg 300w, https:\/\/rurart.tthunot.myds.me\/wp-content\/uploads\/2025\/04\/WhatsApp-Image-2025-02-01-at-15.25.11-1-edited-1024x576.jpeg 1024w, https:\/\/rurart.tthunot.myds.me\/wp-content\/uploads\/2025\/04\/WhatsApp-Image-2025-02-01-at-15.25.11-1-edited-768x432.jpeg 768w, https:\/\/rurart.tthunot.myds.me\/wp-content\/uploads\/2025\/04\/WhatsApp-Image-2025-02-01-at-15.25.11-1-edited-1536x864.jpeg 1536w\" sizes=\"(max-width: 2048px) 100vw, 2048px\" \/><figcaption class=\"wp-element-caption\">Atelier cuisine de bredeles<\/figcaption><\/figure>\n<\/div><\/div><\/div>\n\n\n\n<div class=\"wp-block-superblockslider-slide superblockslider__slide\" data-slide-index=\"2\"><div class=\"superblockslider__slide__bg\"><\/div><div class=\"superblockslider__slide__overlay\"><\/div><div class=\"superblockslider__slide_inner\"><div class=\"inner-blocks\">\n<figure class=\"wp-block-image size-large\"><img loading=\"lazy\" decoding=\"async\" width=\"1024\" height=\"512\" src=\"https:\/\/rurart.tthunot.myds.me\/wp-content\/uploads\/2025\/04\/Design-sans-titre-1024x512.jpg\" alt=\"\" class=\"wp-image-249\" srcset=\"https:\/\/rurart.tthunot.myds.me\/wp-content\/uploads\/2025\/04\/Design-sans-titre-1024x512.jpg 1024w, https:\/\/rurart.tthunot.myds.me\/wp-content\/uploads\/2025\/04\/Design-sans-titre-300x150.jpg 300w, https:\/\/rurart.tthunot.myds.me\/wp-content\/uploads\/2025\/04\/Design-sans-titre-768x384.jpg 768w, https:\/\/rurart.tthunot.myds.me\/wp-content\/uploads\/2025\/04\/Design-sans-titre-1536x768.jpg 1536w, https:\/\/rurart.tthunot.myds.me\/wp-content\/uploads\/2025\/04\/Design-sans-titre-2048x1024.jpg 2048w\" sizes=\"(max-width: 1024px) 100vw, 1024px\" \/><figcaption class=\"wp-element-caption\">Spectacle \u00ab\u00a0L&rsquo;hiver \u00e0 l&rsquo;ombre du sapin\u00a0\u00bb &#8211; Th\u00e9o Vuillet-A-Cilles<\/figcaption><\/figure>\n<\/div><\/div><\/div>\n\n\n\n<div class=\"wp-block-superblockslider-slide superblockslider__slide\" data-slide-index=\"3\"><div class=\"superblockslider__slide__bg\"><\/div><div class=\"superblockslider__slide__overlay\"><\/div><div class=\"superblockslider__slide_inner\"><div class=\"inner-blocks\">\n<figure class=\"wp-block-image size-large\"><img loading=\"lazy\" decoding=\"async\" width=\"1024\" height=\"473\" src=\"https:\/\/rurart.tthunot.myds.me\/wp-content\/uploads\/2025\/04\/WhatsApp-Image-2024-11-21-at-20.27.24-1024x473.jpeg\" alt=\"\" class=\"wp-image-255\" srcset=\"https:\/\/rurart.tthunot.myds.me\/wp-content\/uploads\/2025\/04\/WhatsApp-Image-2024-11-21-at-20.27.24-1024x473.jpeg 1024w, https:\/\/rurart.tthunot.myds.me\/wp-content\/uploads\/2025\/04\/WhatsApp-Image-2024-11-21-at-20.27.24-300x139.jpeg 300w, https:\/\/rurart.tthunot.myds.me\/wp-content\/uploads\/2025\/04\/WhatsApp-Image-2024-11-21-at-20.27.24-768x355.jpeg 768w, https:\/\/rurart.tthunot.myds.me\/wp-content\/uploads\/2025\/04\/WhatsApp-Image-2024-11-21-at-20.27.24-1536x709.jpeg 1536w, https:\/\/rurart.tthunot.myds.me\/wp-content\/uploads\/2025\/04\/WhatsApp-Image-2024-11-21-at-20.27.24.jpeg 2040w\" sizes=\"(max-width: 1024px) 100vw, 1024px\" \/><figcaption class=\"wp-element-caption\">Visite du Parvis Saint-Jean<\/figcaption><\/figure>\n<\/div><\/div><\/div>\n<\/div><\/div><div class=\"superblockslider__controls superblockslider__buttons\"><button data-button-id=\"0\" aria-label=\"Slide 1\" class=\"superblockslider__button superblockslider__button--active\"><span class=\"superblockslider__button__icon\"><svg width=\"20\" height=\"20\" viewBox=\"0 0 20 20\" xmlns=\"http:\/\/www.w3.org\/2000\/svg\"><path d=\"M10 2c4.42 0 8 3.58 8 8s-3.58 8-8 8-8-3.58-8-8 3.58-8 8-8zM10 15c2.76 0 5-2.24 5-5s-2.24-5-5-5-5 2.24-5 5 2.24 5 5 5z\"><\/path><\/svg><\/span><\/button><button data-button-id=\"1\" aria-label=\"Slide 2\" class=\"superblockslider__button\"><span class=\"superblockslider__button__icon\"><svg width=\"20\" height=\"20\" viewBox=\"0 0 20 20\" xmlns=\"http:\/\/www.w3.org\/2000\/svg\"><path d=\"M10 2c4.42 0 8 3.58 8 8s-3.58 8-8 8-8-3.58-8-8 3.58-8 8-8zM10 15c2.76 0 5-2.24 5-5s-2.24-5-5-5-5 2.24-5 5 2.24 5 5 5z\"><\/path><\/svg><\/span><\/button><button data-button-id=\"2\" aria-label=\"Slide 3\" class=\"superblockslider__button\"><span class=\"superblockslider__button__icon\"><svg width=\"20\" height=\"20\" viewBox=\"0 0 20 20\" xmlns=\"http:\/\/www.w3.org\/2000\/svg\"><path d=\"M10 2c4.42 0 8 3.58 8 8s-3.58 8-8 8-8-3.58-8-8 3.58-8 8-8zM10 15c2.76 0 5-2.24 5-5s-2.24-5-5-5-5 2.24-5 5 2.24 5 5 5z\"><\/path><\/svg><\/span><\/button><button data-button-id=\"3\" aria-label=\"Slide 4\" class=\"superblockslider__button\"><span class=\"superblockslider__button__icon\"><svg width=\"20\" height=\"20\" viewBox=\"0 0 20 20\" xmlns=\"http:\/\/www.w3.org\/2000\/svg\"><path d=\"M10 2c4.42 0 8 3.58 8 8s-3.58 8-8 8-8-3.58-8-8 3.58-8 8-8zM10 15c2.76 0 5-2.24 5-5s-2.24-5-5-5-5 2.24-5 5 2.24 5 5 5z\"><\/path><\/svg><\/span><\/button><\/div><div class=\"superblockslider__controls superblockslider__navigation\"><button class=\"superblockslider__button__navigation superblockslider__button__previous\" aria-label=\"Previous slide\"><span class=\"superblockslider__button__previous--icon\"><svg width=\"85\" height=\"85\" xmlns=\"http:\/\/www.w3.org\/2000\/svg\" viewBox=\"0 0 85 85\" role=\"img\" aria-hidden=\"true\" focusable=\"false\"><path d=\"M 65.863 7.136 L 57.367 0 L 19.137 42.478 L 57.367 84.955 L 65.863 77.819 L 33.41 42.478 L 65.863 7.136 Z\"><\/path><\/svg><\/span><\/button><button class=\"superblockslider__button__navigation superblockslider__button__next\" aria-label=\"Next slide\"><span class=\"superblockslider__button__next--icon\"><svg width=\"85\" height=\"85\" xmlns=\"http:\/\/www.w3.org\/2000\/svg\" viewBox=\"0 0 85 85\" role=\"img\" aria-hidden=\"true\" focusable=\"false\"><path d=\"M 19.137 7.136 L 27.633 0 L 65.863 42.478 L 27.633 84.955 L 19.137 77.819 L 51.59 42.478 L 19.137 7.136 Z\"><\/path><\/svg><\/span><\/button><\/div><\/div>\n\n\n\n<div class=\"wp-block-columns alignwide are-vertically-aligned-center is-layout-flex wp-container-core-columns-is-layout-28f84493 wp-block-columns-is-layout-flex\" style=\"border-width:7px\">\n<div class=\"wp-block-column is-vertically-aligned-center is-layout-flow wp-block-column-is-layout-flow\" style=\"flex-basis:66.66%\">\n<figure class=\"wp-block-image size-large is-resized\"><img loading=\"lazy\" decoding=\"async\" width=\"1080\" height=\"608\" src=\"https:\/\/rurart.tthunot.myds.me\/wp-content\/uploads\/2025\/04\/Limpensable1-edited.png\" alt=\"\" class=\"wp-image-232\" style=\"width:690px;height:auto\" srcset=\"https:\/\/rurart.tthunot.myds.me\/wp-content\/uploads\/2025\/04\/Limpensable1-edited.png 1080w, https:\/\/rurart.tthunot.myds.me\/wp-content\/uploads\/2025\/04\/Limpensable1-edited-300x169.png 300w, https:\/\/rurart.tthunot.myds.me\/wp-content\/uploads\/2025\/04\/Limpensable1-edited-1024x576.png 1024w, https:\/\/rurart.tthunot.myds.me\/wp-content\/uploads\/2025\/04\/Limpensable1-edited-768x432.png 768w\" sizes=\"(max-width: 1080px) 100vw, 1080px\" \/><\/figure>\n<\/div>\n\n\n\n<div class=\"wp-block-column is-vertically-aligned-center is-layout-flow wp-block-column-is-layout-flow\" style=\"flex-basis:33.33%\">\n<h2 class=\"wp-block-heading has-ast-global-color-4-color has-ast-global-color-0-background-color has-text-color has-background has-link-color wp-elements-3ac2e8cf97603944ccad9bf6b50dfcef\" style=\"font-size:26px\">L&rsquo;impensable Festival<\/h2>\n\n\n\n<p>L&rsquo;impensable Festival est une manifestation pluri-disciplinaire visant \u00e0 mettre en avant des artistes r\u00e9gionaux \u00e9mergents.<\/p>\n\n\n\n<p>Le concept ? Les habitant\u2022e\u2022s d&rsquo;Asni\u00e8res-l\u00e8s-Dijon ouvrent leurs garages, jardins, cours ou caves pour accueillir des spectacles. Ainsi, en se promenant dans le village le week-end des 4, 5 et 6 juillet 2025, il n&rsquo;est pas exclu que vous vous trouviez nez-\u00e0-nez avec des com\u00e9dien\u2022ne\u2022s en pleine repr\u00e9sentation.<\/p>\n\n\n\n<p>Les artistes sont \u00e9galement log\u00e9\u2022e\u2022s chez l&rsquo;habitant\u2022e pour permettre une v\u00e9ritable rencontre : entre le milieu artistique et le milieu non-artistique, entre diff\u00e9rents arts et diff\u00e9rents m\u00e9diums.<\/p>\n<\/div>\n<\/div>\n\n\n\n<div style=\"height:90px\" aria-hidden=\"true\" class=\"wp-block-spacer\"><\/div>\n\n\n\n<h2 class=\"wp-block-heading\">L&rsquo;\u00e9quipe<\/h2>\n\n\n\n<div class=\"wp-block-columns alignfull is-layout-flex wp-container-core-columns-is-layout-28f84493 wp-block-columns-is-layout-flex\">\n<div class=\"wp-block-column is-layout-flow wp-block-column-is-layout-flow\">\n<p class=\"has-text-align-center has-ast-global-color-4-color has-ast-global-color-0-background-color has-text-color has-background has-link-color wp-elements-7c3ef517e0cfe6381699d0a4beec15b6\">Salom\u00e9 Sanches &#8211; Secr\u00e9taire<\/p>\n<\/div>\n\n\n\n<div class=\"wp-block-column is-layout-flow wp-block-column-is-layout-flow\">\n<p class=\"has-text-align-center has-ast-global-color-4-color has-ast-global-color-0-background-color has-text-color has-background has-link-color wp-elements-5c70f529ed1658405d3352513013ed8b\">Romane Thunot &#8211; Tr\u00e9sori\u00e8re<\/p>\n<\/div>\n\n\n\n<div class=\"wp-block-column is-layout-flow wp-block-column-is-layout-flow\">\n<p class=\"has-text-align-center has-ast-global-color-4-color has-ast-global-color-0-background-color has-text-color has-background has-link-color wp-elements-a045804637fb71cfe6e9162929465768\">Charl\u00e8ne Thunot &#8211; Pr\u00e9sidente<\/p>\n<\/div>\n<\/div>\n","protected":false},"excerpt":{"rendered":"<p>Nos actualit\u00e9s Rur&rsquo;art, c&rsquo;est quoi ? L&rsquo;association Rur&rsquo;Art, cr\u00e9\u00e9 en 2024 \u00e0 Asni\u00e8res-l\u00e8s-Dijon, a pour but de rendre accessible l&rsquo;art [&hellip;]<\/p>\n","protected":false},"author":1,"featured_media":0,"parent":0,"menu_order":0,"comment_status":"closed","ping_status":"closed","template":"","meta":{"site-sidebar-layout":"default","site-content-layout":"","ast-site-content-layout":"","site-content-style":"default","site-sidebar-style":"default","ast-global-header-display":"","ast-banner-title-visibility":"","ast-main-header-display":"","ast-hfb-above-header-display":"","ast-hfb-below-header-display":"","ast-hfb-mobile-header-display":"","site-post-title":"disabled","ast-breadcrumbs-content":"","ast-featured-img":"","footer-sml-layout":"","ast-disable-related-posts":"","theme-transparent-header-meta":"","adv-header-id-meta":"","stick-header-meta":"","header-above-stick-meta":"","header-main-stick-meta":"","header-below-stick-meta":"","astra-migrate-meta-layouts":"default","ast-page-background-enabled":"default","ast-page-background-meta":{"desktop":{"background-color":"var(--ast-global-color-5)","background-image":"","background-repeat":"repeat","background-position":"center center","background-size":"auto","background-attachment":"scroll","background-type":"","background-media":"","overlay-type":"","overlay-color":"","overlay-opacity":"","overlay-gradient":""},"tablet":{"background-color":"","background-image":"","background-repeat":"repeat","background-position":"center center","background-size":"auto","background-attachment":"scroll","background-type":"","background-media":"","overlay-type":"","overlay-color":"","overlay-opacity":"","overlay-gradient":""},"mobile":{"background-color":"","background-image":"","background-repeat":"repeat","background-position":"center center","background-size":"auto","background-attachment":"scroll","background-type":"","background-media":"","overlay-type":"","overlay-color":"","overlay-opacity":"","overlay-gradient":""}},"ast-content-background-meta":{"desktop":{"background-color":"var(--ast-global-color-4)","background-image":"","background-repeat":"repeat","background-position":"center center","background-size":"auto","background-attachment":"scroll","background-type":"","background-media":"","overlay-type":"","overlay-color":"","overlay-opacity":"","overlay-gradient":""},"tablet":{"background-color":"var(--ast-global-color-4)","background-image":"","background-repeat":"repeat","background-position":"center center","background-size":"auto","background-attachment":"scroll","background-type":"","background-media":"","overlay-type":"","overlay-color":"","overlay-opacity":"","overlay-gradient":""},"mobile":{"background-color":"var(--ast-global-color-4)","background-image":"","background-repeat":"repeat","background-position":"center center","background-size":"auto","background-attachment":"scroll","background-type":"","background-media":"","overlay-type":"","overlay-color":"","overlay-opacity":"","overlay-gradient":""}},"iawp_total_views":212,"footnotes":""},"class_list":["post-230","page","type-page","status-publish","hentry"],"_links":{"self":[{"href":"https:\/\/rurart.tthunot.myds.me\/index.php\/wp-json\/wp\/v2\/pages\/230","targetHints":{"allow":["GET"]}}],"collection":[{"href":"https:\/\/rurart.tthunot.myds.me\/index.php\/wp-json\/wp\/v2\/pages"}],"about":[{"href":"https:\/\/rurart.tthunot.myds.me\/index.php\/wp-json\/wp\/v2\/types\/page"}],"author":[{"embeddable":true,"href":"https:\/\/rurart.tthunot.myds.me\/index.php\/wp-json\/wp\/v2\/users\/1"}],"replies":[{"embeddable":true,"href":"https:\/\/rurart.tthunot.myds.me\/index.php\/wp-json\/wp\/v2\/comments?post=230"}],"version-history":[{"count":21,"href":"https:\/\/rurart.tthunot.myds.me\/index.php\/wp-json\/wp\/v2\/pages\/230\/revisions"}],"predecessor-version":[{"id":314,"href":"https:\/\/rurart.tthunot.myds.me\/index.php\/wp-json\/wp\/v2\/pages\/230\/revisions\/314"}],"wp:attachment":[{"href":"https:\/\/rurart.tthunot.myds.me\/index.php\/wp-json\/wp\/v2\/media?parent=230"}],"curies":[{"name":"wp","href":"https:\/\/api.w.org\/{rel}","templated":true}]}}