{"id":237,"date":"2025-04-14T15:30:23","date_gmt":"2025-04-14T13:30:23","guid":{"rendered":"https:\/\/rurart.tthunot.myds.me\/?page_id=237"},"modified":"2025-07-04T17:50:31","modified_gmt":"2025-07-04T15:50:31","slug":"limpensable-festival","status":"publish","type":"page","link":"https:\/\/rurart.tthunot.myds.me\/index.php\/limpensable-festival\/","title":{"rendered":"L&rsquo;Impensable Festival"},"content":{"rendered":"\n<p class=\"has-ast-global-color-4-color has-ast-global-color-0-background-color has-text-color has-background has-link-color has-medium-font-size wp-elements-3c0b95d5a4d677240843e31b322c1a36\"><strong>Votre avis nous int\u00e9resse<\/strong><br>R\u00e9pondez \u00e0 notre sondage anonyme en suivant <a href=\"https:\/\/docs.google.com\/forms\/d\/1DEOJeKgteVaGWoqA4i_LjK2hj2AwKizMtID6_JsiADI\/edit\">ce lien<\/a> ou scannez le Qrcode <\/p>\n\n\n\n<figure class=\"wp-block-image aligncenter size-full is-resized\"><img decoding=\"async\" width=\"135\" height=\"137\" src=\"https:\/\/rurart.tthunot.myds.me\/wp-content\/uploads\/2025\/07\/image-1.png\" alt=\"\" class=\"wp-image-305\" style=\"width:50px;height:auto\"\/><\/figure>\n\n\n\n<p class=\"has-ast-global-color-4-color has-ast-global-color-0-background-color has-text-color has-background has-link-color wp-elements-15b6f3384e4d521068e48ddac9a0e072\"><strong>Le programme de la premi\u00e8re \u00e9dition Ann\u00e9e 2025<\/strong><\/p>\n\n\n\n<div class=\"real3dflipbook\" id=\"2_69e37da89dcb3\" style=\"position:absolute;\"><\/div>\n\n\n\n<p><\/p>\n","protected":false},"excerpt":{"rendered":"<p>Votre avis nous int\u00e9resseR\u00e9pondez \u00e0 notre sondage anonyme en suivant ce lien ou scannez le Qrcode Le programme de la [&hellip;]<\/p>\n","protected":false},"author":1,"featured_media":0,"parent":0,"menu_order":0,"comment_status":"closed","ping_status":"closed","template":"","meta":{"site-sidebar-layout":"default","site-content-layout":"","ast-site-content-layout":"default","site-content-style":"default","site-sidebar-style":"default","ast-global-header-display":"","ast-banner-title-visibility":"","ast-main-header-display":"","ast-hfb-above-header-display":"","ast-hfb-below-header-display":"","ast-hfb-mobile-header-display":"","site-post-title":"","ast-breadcrumbs-content":"","ast-featured-img":"","footer-sml-layout":"","ast-disable-related-posts":"","theme-transparent-header-meta":"","adv-header-id-meta":"","stick-header-meta":"","header-above-stick-meta":"","header-main-stick-meta":"","header-below-stick-meta":"","astra-migrate-meta-layouts":"default","ast-page-background-enabled":"default","ast-page-background-meta":{"desktop":{"background-color":"var(--ast-global-color-5)","background-image":"","background-repeat":"repeat","background-position":"center center","background-size":"auto","background-attachment":"scroll","background-type":"","background-media":"","overlay-type":"","overlay-color":"","overlay-opacity":"","overlay-gradient":""},"tablet":{"background-color":"","background-image":"","background-repeat":"repeat","background-position":"center center","background-size":"auto","background-attachment":"scroll","background-type":"","background-media":"","overlay-type":"","overlay-color":"","overlay-opacity":"","overlay-gradient":""},"mobile":{"background-color":"","background-image":"","background-repeat":"repeat","background-position":"center center","background-size":"auto","background-attachment":"scroll","background-type":"","background-media":"","overlay-type":"","overlay-color":"","overlay-opacity":"","overlay-gradient":""}},"ast-content-background-meta":{"desktop":{"background-color":"var(--ast-global-color-4)","background-image":"","background-repeat":"repeat","background-position":"center center","background-size":"auto","background-attachment":"scroll","background-type":"","background-media":"","overlay-type":"","overlay-color":"","overlay-opacity":"","overlay-gradient":""},"tablet":{"background-color":"var(--ast-global-color-4)","background-image":"","background-repeat":"repeat","background-position":"center center","background-size":"auto","background-attachment":"scroll","background-type":"","background-media":"","overlay-type":"","overlay-color":"","overlay-opacity":"","overlay-gradient":""},"mobile":{"background-color":"var(--ast-global-color-4)","background-image":"","background-repeat":"repeat","background-position":"center center","background-size":"auto","background-attachment":"scroll","background-type":"","background-media":"","overlay-type":"","overlay-color":"","overlay-opacity":"","overlay-gradient":""}},"iawp_total_views":68,"footnotes":""},"class_list":["post-237","page","type-page","status-publish","hentry"],"_links":{"self":[{"href":"https:\/\/rurart.tthunot.myds.me\/index.php\/wp-json\/wp\/v2\/pages\/237","targetHints":{"allow":["GET"]}}],"collection":[{"href":"https:\/\/rurart.tthunot.myds.me\/index.php\/wp-json\/wp\/v2\/pages"}],"about":[{"href":"https:\/\/rurart.tthunot.myds.me\/index.php\/wp-json\/wp\/v2\/types\/page"}],"author":[{"embeddable":true,"href":"https:\/\/rurart.tthunot.myds.me\/index.php\/wp-json\/wp\/v2\/users\/1"}],"replies":[{"embeddable":true,"href":"https:\/\/rurart.tthunot.myds.me\/index.php\/wp-json\/wp\/v2\/comments?post=237"}],"version-history":[{"count":5,"href":"https:\/\/rurart.tthunot.myds.me\/index.php\/wp-json\/wp\/v2\/pages\/237\/revisions"}],"predecessor-version":[{"id":311,"href":"https:\/\/rurart.tthunot.myds.me\/index.php\/wp-json\/wp\/v2\/pages\/237\/revisions\/311"}],"wp:attachment":[{"href":"https:\/\/rurart.tthunot.myds.me\/index.php\/wp-json\/wp\/v2\/media?parent=237"}],"curies":[{"name":"wp","href":"https:\/\/api.w.org\/{rel}","templated":true}]}}