{"id":45,"date":"2024-05-09T14:18:53","date_gmt":"2024-05-09T12:18:53","guid":{"rendered":"https:\/\/rurart.tthunot.myds.me\/?page_id=45"},"modified":"2025-04-06T19:41:29","modified_gmt":"2025-04-06T17:41:29","slug":"presentation","status":"publish","type":"page","link":"https:\/\/rurart.tthunot.myds.me\/index.php\/presentation\/","title":{"rendered":"Pr\u00e9sentation"},"content":{"rendered":"\n<div class=\"wp-block-group alignfull has-text-color has-background has-link-color wp-elements-bdb825cfd20d50de0cd1a973775eca00 is-vertical is-content-justification-center is-nowrap is-layout-flex wp-container-core-group-is-layout-2215816d wp-block-group-is-layout-flex\" style=\"color:#000000;background-color:#ffffff;min-height:100vh;margin-top:0;margin-bottom:0;padding-top:var(--wp--preset--spacing--50);padding-right:var(--wp--preset--spacing--50);padding-bottom:var(--wp--preset--spacing--50);padding-left:var(--wp--preset--spacing--50)\">\n<div class=\"wp-block-group is-layout-flow wp-block-group-is-layout-flow\" style=\"padding-right:0;padding-left:0\">\n<p><\/p>\n\n\n\n<p class=\"has-text-align-center wp-container-content-0733e5d0\">Rur&rsquo;Art est une association dont le si\u00e8ge social est situ\u00e9 \u00e0 Asni\u00e8res-l\u00e8s-Dijon (21 380). Nous sommes quatre membres fondateur.ice.s, la plupart en master de Direction de Projets et d&rsquo;\u00c9tablissements Culturels. Dans le cadre de nos \u00e9tudes, nous avons constat\u00e9 que les habitant.e.s de communes rurales ou semi-rurales ont tendance \u00e0 moins fr\u00e9quenter les lieux culturels que les citadin.e.s &#8211; pour des raisons financi\u00e8res ou de proximit\u00e9.<\/p>\n\n\n\n<p><\/p>\n\n\n\n<p class=\"has-text-align-center wp-container-content-0733e5d0\">C&rsquo;est pourquoi notre association vise \u00e0 proposer aux habitant.e.s d&rsquo;Asni\u00e8res-l\u00e8s-Dijon une sortie culturelle par mois dans des structures vari\u00e9es (th\u00e9\u00e2tre, op\u00e9ra, salles de concerts, mus\u00e9es \/ galeries) \u00e0 des tarifs pr\u00e9f\u00e9rentiels. Un caf\u00e9-d\u00e9bat sera organis\u00e9 la semaine de la sortie afin de discuter autour d&rsquo;une th\u00e9matique abord\u00e9e par le spectacle.<\/p>\n\n\n\n<p><\/p>\n\n\n\n<p class=\"has-text-align-center\">\u00c0 terme, l&rsquo;association compte s&rsquo;implanter dans le territoire Asni\u00e8rois avec un festival pluridisciplinaire, mettant \u00e0 contribution les habitant.e.s qui le souhaitent.<\/p>\n\n\n\n<p><\/p>\n\n\n\n<p class=\"has-text-align-center\">Notre projet s\u2019adresse \u00e0 tout le monde, peu importe l\u2019\u00e2ge, le bagage culturel. Il nous tient \u00e0 c\u0153ur que nous travaillions ensemble \u00e0 r\u00e9fl\u00e9chir \u00e0 une programmation qui pla\u00eet \u00e0 chacun.e et afin que le projet se d\u00e9veloppe pour renforcer le lien entre le village d\u2019Asni\u00e8res-l\u00e8s-Dijon et le paysage culturel bourguignon.<\/p>\n<\/div>\n\n\n\n<p><\/p>\n<\/div>\n\n\n\n<p><\/p>\n","protected":false},"excerpt":{"rendered":"<p>Rur&rsquo;Art est une association dont le si\u00e8ge social est situ\u00e9 \u00e0 Asni\u00e8res-l\u00e8s-Dijon (21 380). Nous sommes quatre membres fondateur.ice.s, la [&hellip;]<\/p>\n","protected":false},"author":1,"featured_media":0,"parent":0,"menu_order":0,"comment_status":"closed","ping_status":"closed","template":"","meta":{"site-sidebar-layout":"default","site-content-layout":"","ast-site-content-layout":"default","site-content-style":"default","site-sidebar-style":"default","ast-global-header-display":"","ast-banner-title-visibility":"","ast-main-header-display":"","ast-hfb-above-header-display":"","ast-hfb-below-header-display":"","ast-hfb-mobile-header-display":"","site-post-title":"","ast-breadcrumbs-content":"","ast-featured-img":"","footer-sml-layout":"","ast-disable-related-posts":"","theme-transparent-header-meta":"","adv-header-id-meta":"","stick-header-meta":"","header-above-stick-meta":"","header-main-stick-meta":"","header-below-stick-meta":"","astra-migrate-meta-layouts":"default","ast-page-background-enabled":"default","ast-page-background-meta":{"desktop":{"background-color":"var(--ast-global-color-5)","background-image":"","background-repeat":"repeat","background-position":"center center","background-size":"auto","background-attachment":"scroll","background-type":"","background-media":"","overlay-type":"","overlay-color":"","overlay-opacity":"","overlay-gradient":""},"tablet":{"background-color":"","background-image":"","background-repeat":"repeat","background-position":"center center","background-size":"auto","background-attachment":"scroll","background-type":"","background-media":"","overlay-type":"","overlay-color":"","overlay-opacity":"","overlay-gradient":""},"mobile":{"background-color":"","background-image":"","background-repeat":"repeat","background-position":"center center","background-size":"auto","background-attachment":"scroll","background-type":"","background-media":"","overlay-type":"","overlay-color":"","overlay-opacity":"","overlay-gradient":""}},"ast-content-background-meta":{"desktop":{"background-color":"var(--ast-global-color-4)","background-image":"","background-repeat":"repeat","background-position":"center center","background-size":"auto","background-attachment":"scroll","background-type":"","background-media":"","overlay-type":"","overlay-color":"","overlay-opacity":"","overlay-gradient":""},"tablet":{"background-color":"var(--ast-global-color-4)","background-image":"","background-repeat":"repeat","background-position":"center center","background-size":"auto","background-attachment":"scroll","background-type":"","background-media":"","overlay-type":"","overlay-color":"","overlay-opacity":"","overlay-gradient":""},"mobile":{"background-color":"var(--ast-global-color-4)","background-image":"","background-repeat":"repeat","background-position":"center center","background-size":"auto","background-attachment":"scroll","background-type":"","background-media":"","overlay-type":"","overlay-color":"","overlay-opacity":"","overlay-gradient":""}},"iawp_total_views":141,"footnotes":""},"class_list":["post-45","page","type-page","status-publish","hentry"],"_links":{"self":[{"href":"https:\/\/rurart.tthunot.myds.me\/index.php\/wp-json\/wp\/v2\/pages\/45","targetHints":{"allow":["GET"]}}],"collection":[{"href":"https:\/\/rurart.tthunot.myds.me\/index.php\/wp-json\/wp\/v2\/pages"}],"about":[{"href":"https:\/\/rurart.tthunot.myds.me\/index.php\/wp-json\/wp\/v2\/types\/page"}],"author":[{"embeddable":true,"href":"https:\/\/rurart.tthunot.myds.me\/index.php\/wp-json\/wp\/v2\/users\/1"}],"replies":[{"embeddable":true,"href":"https:\/\/rurart.tthunot.myds.me\/index.php\/wp-json\/wp\/v2\/comments?post=45"}],"version-history":[{"count":8,"href":"https:\/\/rurart.tthunot.myds.me\/index.php\/wp-json\/wp\/v2\/pages\/45\/revisions"}],"predecessor-version":[{"id":225,"href":"https:\/\/rurart.tthunot.myds.me\/index.php\/wp-json\/wp\/v2\/pages\/45\/revisions\/225"}],"wp:attachment":[{"href":"https:\/\/rurart.tthunot.myds.me\/index.php\/wp-json\/wp\/v2\/media?parent=45"}],"curies":[{"name":"wp","href":"https:\/\/api.w.org\/{rel}","templated":true}]}}